{"id":489,"date":"2024-07-19T13:38:10","date_gmt":"2024-07-19T11:38:10","guid":{"rendered":"https:\/\/www.mireiabisbal.com\/?page_id=489"},"modified":"2025-11-17T19:26:40","modified_gmt":"2025-11-17T18:26:40","slug":"contacte","status":"publish","type":"page","link":"https:\/\/www.mireiabisbal.com\/es\/contacte\/","title":{"rendered":"Contacte"},"content":{"rendered":"<div data-elementor-type=\"wp-page\" data-elementor-id=\"489\" class=\"elementor elementor-489\" data-elementor-post-type=\"page\">\n\t\t\t\t<div class=\"elementor-element elementor-element-9776594 e-flex e-con-boxed e-con e-parent\" data-id=\"9776594\" data-element_type=\"container\">\n\t\t\t\t\t<div class=\"e-con-inner\">\n\t\t\t\t<div class=\"elementor-element elementor-element-09b21d8 elementor-widget elementor-widget-heading\" data-id=\"09b21d8\" data-element_type=\"widget\" data-widget_type=\"heading.default\">\n\t\t\t\t<div class=\"elementor-widget-container\">\n\t\t\t\t\t<p class=\"elementor-heading-title elementor-size-default\">Contacte<\/p>\t\t\t\t<\/div>\n\t\t\t\t<\/div>\n\t\t\t\t<div class=\"elementor-element elementor-element-2ed75e6 elementor-widget elementor-widget-heading\" data-id=\"2ed75e6\" data-element_type=\"widget\" data-widget_type=\"heading.default\">\n\t\t\t\t<div class=\"elementor-widget-container\">\n\t\t\t\t\t<p class=\"elementor-heading-title elementor-size-default\">Parlem? Troba el suport que necessites aqu\u00ed<\/p>\t\t\t\t<\/div>\n\t\t\t\t<\/div>\n\t\t\t\t<div class=\"elementor-element elementor-element-7955720 elementor-widget elementor-widget-text-editor\" data-id=\"7955720\" data-element_type=\"widget\" data-widget_type=\"text-editor.default\">\n\t\t\t\t<div class=\"elementor-widget-container\">\n\t\t\t\t\t\t\t\t\t<p><strong>Un pas m\u00e9s cap al teu benestar <\/strong><br \/>En aquest espai segur, trobar\u00e0s la confian\u00e7a i la guia necess\u00e0ria per explorar les teves emocions i assolir una vida plena. No est\u00e0s sol! Estic aqu\u00ed per escoltar-te i acompanyar-te en el viatge cap al creixement i la transformaci\u00f3 personal. Contacta&#8217;m per comen\u00e7ar aquesta conversa significativa.<\/p>\t\t\t\t\t\t\t\t<\/div>\n\t\t\t\t<\/div>\n\t\t<div class=\"elementor-element elementor-element-3cffd7d e-con-full e-flex e-con e-child\" data-id=\"3cffd7d\" data-element_type=\"container\">\n\t\t<div class=\"elementor-element elementor-element-a4753a3 e-grid e-con-full e-con e-child\" data-id=\"a4753a3\" data-element_type=\"container\">\n\t\t<div class=\"elementor-element elementor-element-e3e5c1f e-con-full e-flex e-con e-child\" data-id=\"e3e5c1f\" data-element_type=\"container\">\n\t\t\t\t<div class=\"elementor-element elementor-element-22371c8 elementor-widget elementor-widget-heading\" data-id=\"22371c8\" data-element_type=\"widget\" data-widget_type=\"heading.default\">\n\t\t\t\t<div class=\"elementor-widget-container\">\n\t\t\t\t\t<p class=\"elementor-heading-title elementor-size-default\">Correu electr\u00f2nic<\/p>\t\t\t\t<\/div>\n\t\t\t\t<\/div>\n\t\t\t\t<div class=\"elementor-element elementor-element-85d2326 elementor-widget elementor-widget-heading\" data-id=\"85d2326\" data-element_type=\"widget\" data-widget_type=\"heading.default\">\n\t\t\t\t<div class=\"elementor-widget-container\">\n\t\t\t\t\t<h3 class=\"elementor-heading-title elementor-size-default\"><a href=\"mailto:hola@mireiabisbal.com\" target=\"_blank\">hola@mireiabisbal.com<\/a><\/h3>\t\t\t\t<\/div>\n\t\t\t\t<\/div>\n\t\t\t\t<\/div>\n\t\t<div class=\"elementor-element elementor-element-0b6e60a e-con-full e-flex e-con e-child\" data-id=\"0b6e60a\" data-element_type=\"container\">\n\t\t\t\t<div class=\"elementor-element elementor-element-be2fef8 elementor-widget elementor-widget-heading\" data-id=\"be2fef8\" data-element_type=\"widget\" data-widget_type=\"heading.default\">\n\t\t\t\t<div class=\"elementor-widget-container\">\n\t\t\t\t\t<p class=\"elementor-heading-title elementor-size-default\">Tel.<\/p>\t\t\t\t<\/div>\n\t\t\t\t<\/div>\n\t\t\t\t<div class=\"elementor-element elementor-element-c65e60e elementor-widget elementor-widget-heading\" data-id=\"c65e60e\" data-element_type=\"widget\" data-widget_type=\"heading.default\">\n\t\t\t\t<div class=\"elementor-widget-container\">\n\t\t\t\t\t<h3 class=\"elementor-heading-title elementor-size-default\"><a href=\"https:\/\/wa.me\/+34604487486\" target=\"_blank\">+34 604 487 486<\/a><\/h3>\t\t\t\t<\/div>\n\t\t\t\t<\/div>\n\t\t\t\t<\/div>\n\t\t<div class=\"elementor-element elementor-element-f952a16 e-con-full e-flex e-con e-child\" data-id=\"f952a16\" data-element_type=\"container\">\n\t\t\t\t<div class=\"elementor-element elementor-element-5100244 elementor-widget elementor-widget-heading\" data-id=\"5100244\" data-element_type=\"widget\" data-widget_type=\"heading.default\">\n\t\t\t\t<div class=\"elementor-widget-container\">\n\t\t\t\t\t<p class=\"elementor-heading-title elementor-size-default\">Instagram<\/p>\t\t\t\t<\/div>\n\t\t\t\t<\/div>\n\t\t\t\t<div class=\"elementor-element elementor-element-8d6b8a4 elementor-widget elementor-widget-heading\" data-id=\"8d6b8a4\" data-element_type=\"widget\" data-widget_type=\"heading.default\">\n\t\t\t\t<div class=\"elementor-widget-container\">\n\t\t\t\t\t<h3 class=\"elementor-heading-title elementor-size-default\"><a href=\"https:\/\/www.instagram.com\/mireiabisbal.psicologia\/\" target=\"_blank\">@mireiabisbal.psicologia<\/a><\/h3>\t\t\t\t<\/div>\n\t\t\t\t<\/div>\n\t\t\t\t<\/div>\n\t\t\t\t<\/div>\n\t\t\t\t<\/div>\n\t\t\t\t\t<\/div>\n\t\t\t\t<\/div>\n\t\t<div class=\"elementor-element elementor-element-d195915 e-flex e-con-boxed e-con e-parent\" data-id=\"d195915\" data-element_type=\"container\">\n\t\t\t\t\t<div class=\"e-con-inner\">\n\t\t\t\t<div class=\"elementor-element elementor-element-ad049d6 elementor-widget elementor-widget-text-editor\" data-id=\"ad049d6\" data-element_type=\"widget\" data-widget_type=\"text-editor.default\">\n\t\t\t\t<div class=\"elementor-widget-container\">\n\t\t\t\t\t\t\t\t\t<p><strong>Carrer Muralla del Carme 18, 3r 1a (Manresa)<br \/><\/strong><span style=\"text-align: var(--text-align);\">Ter\u00e0pia online i presencial a Manresa | Horaris a convenir amb cita pr\u00e8via.<\/span><\/p><p><span style=\"color: #7995a1; text-align: var(--text-align);\">Contacta sense comprom\u00eds.<\/span><\/p>\t\t\t\t\t\t\t\t<\/div>\n\t\t\t\t<\/div>\n\t\t\t\t\t<\/div>\n\t\t\t\t<\/div>\n\t\t\t\t<\/div>","protected":false},"excerpt":{"rendered":"<p>Contacte Parlem? Troba el suport que necessites aqu\u00ed Un pas m\u00e9s cap al teu benestar En aquest espai segur, trobar\u00e0s la confian\u00e7a i la guia necess\u00e0ria per explorar les teves emocions i assolir una vida plena. No est\u00e0s sol! Estic aqu\u00ed per escoltar-te i acompanyar-te en el viatge cap al creixement i la transformaci\u00f3 personal. [&hellip;]<\/p>","protected":false},"author":2,"featured_media":0,"parent":0,"menu_order":0,"comment_status":"closed","ping_status":"closed","template":"","meta":{"_acf_changed":false,"_seopress_robots_primary_cat":"","_seopress_titles_title":"","_seopress_titles_desc":"","_seopress_robots_index":"","footnotes":""},"class_list":["post-489","page","type-page","status-publish","hentry"],"acf":[],"_links":{"self":[{"href":"https:\/\/www.mireiabisbal.com\/es\/wp-json\/wp\/v2\/pages\/489","targetHints":{"allow":["GET"]}}],"collection":[{"href":"https:\/\/www.mireiabisbal.com\/es\/wp-json\/wp\/v2\/pages"}],"about":[{"href":"https:\/\/www.mireiabisbal.com\/es\/wp-json\/wp\/v2\/types\/page"}],"author":[{"embeddable":true,"href":"https:\/\/www.mireiabisbal.com\/es\/wp-json\/wp\/v2\/users\/2"}],"replies":[{"embeddable":true,"href":"https:\/\/www.mireiabisbal.com\/es\/wp-json\/wp\/v2\/comments?post=489"}],"version-history":[{"count":0,"href":"https:\/\/www.mireiabisbal.com\/es\/wp-json\/wp\/v2\/pages\/489\/revisions"}],"wp:attachment":[{"href":"https:\/\/www.mireiabisbal.com\/es\/wp-json\/wp\/v2\/media?parent=489"}],"curies":[{"name":"wp","href":"https:\/\/api.w.org\/{rel}","templated":true}]}}